{"id":26048,"date":"2022-09-14T08:43:53","date_gmt":"2022-09-14T08:43:53","guid":{"rendered":"https:\/\/escuelaberonia.com\/?page_id=26048"},"modified":"2022-10-31T14:38:36","modified_gmt":"2022-10-31T14:38:36","slug":"monitor-aula-matinal-comedor-escolar-y-transporte-escolar","status":"publish","type":"page","link":"https:\/\/escuelaberonia.com\/?page_id=26048","title":{"rendered":"MONITOR AULA MATINAL, COMEDOR ESCOLAR Y TRANSPORTE ESCOLAR"},"content":{"rendered":"\n<h2 class=\"wp-block-heading\">TEMARIO DEL CURSO<\/h2>\n\n\n\n<ul class=\"wp-block-list\"><li>UNIDAD FORMATIVA I: Principios de psicolog\u00eda<\/li><li>UNIDAD FORMATIVA II: Seguridad en el transporte escolar<\/li><li>UNIDAD FORMATIVA III: Primeros auxilios<\/li><li>UNIDAD FORMATIVA IV: Que es un comedor escolar<\/li><li>UNIDAD FORMATIVA V: Alimentaci\u00f3n Saludable<\/li><li>UNIDAD FORMATIVA VI: Medidas para conseguir una alimentaci\u00f3n sana y saludable<\/li><li>UNIDAD FORMATIVAVII: Adquisici\u00f3n de h\u00e1bitos y habilidades sociales<\/li><li>UNIDAD FORMATIVA VIII: Trastornos de la conducta alimentaria<\/li><li>UNIDAD FORMATIVA IX: Integraci\u00f3n y socializaci\u00f3n del alumnado<\/li><li>UNIDAD FORMATIVA X: Riesgos espec\u00edficos del puesto de monitor de comedor escolar, transporte escolar y aula matinal.<\/li><li>UNIDAD FORMATIVA XI: Manipulador de alimentos<\/li><li>UNIDAD FORMATIVA XII: Que es Aula matinal<\/li><li>UNIDAD FORMATIVA XIII: Recursos pedag\u00f3gicos<\/li><\/ul>\n\n\n\n<div style=\"height:26px\" aria-hidden=\"true\" class=\"wp-block-spacer\"><\/div>\n\n\n\n<h2 class=\"wp-block-heading\">DURACI\u00d3N DEL CURSO<\/h2>\n\n\n\n<p>El curso tiene una duraci\u00f3n de 150 horas<\/p>\n\n\n\n<div style=\"height:26px\" aria-hidden=\"true\" class=\"wp-block-spacer\"><\/div>\n\n\n\n<h2 class=\"wp-block-heading\">PRECIO<\/h2>\n\n\n\n<div style=\"height:26px\" aria-hidden=\"true\" class=\"wp-block-spacer\"><\/div>\n\n\n\n<p>El precio del curso son 149,90 euros y se obtendr\u00e1n las siguientes titulaciones:<\/p>\n\n\n\n<p>-MONITOR DE AULA MATINAL-COMEDOR ESCOLAR Y TRANSPORTE ESCOLAR<\/p>\n\n\n\n<p>&#8211; MANIPULADOR DE ALIMENTOS<\/p>\n\n\n\n<div style=\"height:60px\" aria-hidden=\"true\" class=\"wp-block-spacer\"><\/div>\n\n\n\n<p> <strong>7 DE OCTUBRE DISPONIBLE EN NUESTRO CAMPUS VIRTUAL LA INSCRIPCI\u00d3N PARA ESTE CURSO MONOGR\u00c1FICO DE ESPECIALIZACI\u00d3N.<\/strong><\/p>\n\n\n\n<div style=\"height:26px\" aria-hidden=\"true\" class=\"wp-block-spacer\"><\/div>\n\n\n\n<p>Para la realizaci\u00f3n de la inscripci\u00f3n se deber\u00e1 cumplimentar en formulario de inscripci\u00f3n que a continuaci\u00f3n os presentamos<\/p>\n\n\n\n<div style=\"height:26px\" aria-hidden=\"true\" class=\"wp-block-spacer\"><\/div>\n\n\n\n\n\n<div style=\"height:47px\" aria-hidden=\"true\" class=\"wp-block-spacer\"><\/div>\n\n\n\n<p>Una vez cumplimentado el formulario se deber\u00e1 realizar el pago del curso. Para ello, os indicamos el n\u00famero de cuenta al cual deber\u00e1n realizar la transferencia. En el concepto del pago deben poner NOMBRE Y APELLIDOS y nos deber\u00e1n enviar el justificante del pago a la siguiente cuenta de correo electr\u00f3nico: escuelaberonia@gmail.com<\/p>\n\n\n\n<div style=\"height:26px\" aria-hidden=\"true\" class=\"wp-block-spacer\"><\/div>\n\n\n\n<h2 class=\"wp-block-heading\">N\u00ba DE CUENTA<\/h2>\n\n\n\n<div style=\"height:26px\" aria-hidden=\"true\" class=\"wp-block-spacer\"><\/div>\n\n\n\n<p class=\"has-text-align-center has-large-font-size\"><strong>ES72-3035-0234-85-2340034732<\/strong><\/p>\n\n\n\n<div style=\"height:49px\" aria-hidden=\"true\" class=\"wp-block-spacer\"><\/div>\n\n\n\n<h4 class=\"has-text-align-center wp-block-heading\"><strong>UNA VEZ RECIBIDO EL PAGO, SE ENVIAR\u00c1 POR CORREO ELECTR\u00d3NICO LA FACTURA Y LOS DATOS DE ACCESO A LA PLATAFORMA DEL CAMPUS VIRTUAL DE LA ESCUELA .<\/strong><\/h4>\n","protected":false},"excerpt":{"rendered":"<p>TEMARIO DEL CURSO UNIDAD FORMATIVA I: Principios de psicolog\u00eda UNIDAD FORMATIVA II: Seguridad en el transporte escolar UNIDAD FORMATIVA III: Primeros auxilios UNIDAD FORMATIVA IV: Que es un comedor escolar UNIDAD FORMATIVA V: Alimentaci\u00f3n Saludable UNIDAD FORMATIVA VI: Medidas para conseguir una alimentaci\u00f3n sana y saludable UNIDAD FORMATIVAVII: Adquisici\u00f3n de h\u00e1bitos y habilidades sociales UNIDAD [&hellip;]<\/p>\n","protected":false},"author":1,"featured_media":0,"parent":0,"menu_order":0,"comment_status":"closed","ping_status":"closed","template":"","meta":{"om_disable_all_campaigns":false,"_uag_custom_page_level_css":"","_monsterinsights_skip_tracking":false,"_monsterinsights_sitenote_active":false,"_monsterinsights_sitenote_note":"","_monsterinsights_sitenote_category":0,"site-sidebar-layout":"default","site-content-layout":"","ast-site-content-layout":"default","site-content-style":"default","site-sidebar-style":"default","ast-global-header-display":"","ast-banner-title-visibility":"","ast-main-header-display":"","ast-hfb-above-header-display":"","ast-hfb-below-header-display":"","ast-hfb-mobile-header-display":"","site-post-title":"","ast-breadcrumbs-content":"","ast-featured-img":"","footer-sml-layout":"","ast-disable-related-posts":"","theme-transparent-header-meta":"","adv-header-id-meta":"","stick-header-meta":"","header-above-stick-meta":"","header-main-stick-meta":"","header-below-stick-meta":"","astra-migrate-meta-layouts":"default","ast-page-background-enabled":"default","ast-page-background-meta":{"desktop":{"background-color":"","background-image":"","background-repeat":"repeat","background-position":"center center","background-size":"auto","background-attachment":"scroll","background-type":"","background-media":"","overlay-type":"","overlay-color":"","overlay-opacity":"","overlay-gradient":""},"tablet":{"background-color":"","background-image":"","background-repeat":"repeat","background-position":"center center","background-size":"auto","background-attachment":"scroll","background-type":"","background-media":"","overlay-type":"","overlay-color":"","overlay-opacity":"","overlay-gradient":""},"mobile":{"background-color":"","background-image":"","background-repeat":"repeat","background-position":"center center","background-size":"auto","background-attachment":"scroll","background-type":"","background-media":"","overlay-type":"","overlay-color":"","overlay-opacity":"","overlay-gradient":""}},"ast-content-background-meta":{"desktop":{"background-color":"var(--ast-global-color-5)","background-image":"","background-repeat":"repeat","background-position":"center center","background-size":"auto","background-attachment":"scroll","background-type":"","background-media":"","overlay-type":"","overlay-color":"","overlay-opacity":"","overlay-gradient":""},"tablet":{"background-color":"var(--ast-global-color-5)","background-image":"","background-repeat":"repeat","background-position":"center center","background-size":"auto","background-attachment":"scroll","background-type":"","background-media":"","overlay-type":"","overlay-color":"","overlay-opacity":"","overlay-gradient":""},"mobile":{"background-color":"var(--ast-global-color-5)","background-image":"","background-repeat":"repeat","background-position":"center center","background-size":"auto","background-attachment":"scroll","background-type":"","background-media":"","overlay-type":"","overlay-color":"","overlay-opacity":"","overlay-gradient":""}},"footnotes":""},"class_list":["post-26048","page","type-page","status-publish","hentry"],"aioseo_notices":[],"uagb_featured_image_src":{"full":false,"thumbnail":false,"medium":false,"medium_large":false,"large":false,"1536x1536":false,"2048x2048":false,"mailpoet_newsletter_max":false,"woocommerce_thumbnail":false,"woocommerce_single":false,"woocommerce_gallery_thumbnail":false},"uagb_author_info":{"display_name":"mfrvit@hotmail.com","author_link":"https:\/\/escuelaberonia.com\/?author=1"},"uagb_comment_info":0,"uagb_excerpt":"TEMARIO DEL CURSO UNIDAD FORMATIVA I: Principios de psicolog\u00eda UNIDAD FORMATIVA II: Seguridad en el transporte escolar UNIDAD FORMATIVA III: Primeros auxilios UNIDAD FORMATIVA IV: Que es un comedor escolar UNIDAD FORMATIVA V: Alimentaci\u00f3n Saludable UNIDAD FORMATIVA VI: Medidas para conseguir una alimentaci\u00f3n sana y saludable UNIDAD FORMATIVAVII: Adquisici\u00f3n de h\u00e1bitos y habilidades sociales UNIDAD&hellip;","jetpack_sharing_enabled":true,"_links":{"self":[{"href":"https:\/\/escuelaberonia.com\/index.php?rest_route=\/wp\/v2\/pages\/26048","targetHints":{"allow":["GET"]}}],"collection":[{"href":"https:\/\/escuelaberonia.com\/index.php?rest_route=\/wp\/v2\/pages"}],"about":[{"href":"https:\/\/escuelaberonia.com\/index.php?rest_route=\/wp\/v2\/types\/page"}],"author":[{"embeddable":true,"href":"https:\/\/escuelaberonia.com\/index.php?rest_route=\/wp\/v2\/users\/1"}],"replies":[{"embeddable":true,"href":"https:\/\/escuelaberonia.com\/index.php?rest_route=%2Fwp%2Fv2%2Fcomments&post=26048"}],"version-history":[{"count":12,"href":"https:\/\/escuelaberonia.com\/index.php?rest_route=\/wp\/v2\/pages\/26048\/revisions"}],"predecessor-version":[{"id":26096,"href":"https:\/\/escuelaberonia.com\/index.php?rest_route=\/wp\/v2\/pages\/26048\/revisions\/26096"}],"wp:attachment":[{"href":"https:\/\/escuelaberonia.com\/index.php?rest_route=%2Fwp%2Fv2%2Fmedia&parent=26048"}],"curies":[{"name":"wp","href":"https:\/\/api.w.org\/{rel}","templated":true}]}}