{"id":25689,"date":"2022-05-09T11:14:10","date_gmt":"2022-05-09T11:14:10","guid":{"rendered":"https:\/\/escuelaberonia.com\/?page_id=25689"},"modified":"2022-09-14T08:41:16","modified_gmt":"2022-09-14T08:41:16","slug":"cursos-monograficos-y-de-especializacion","status":"publish","type":"page","link":"https:\/\/escuelaberonia.com\/?page_id=25689","title":{"rendered":"Cursos monogr\u00e1ficos-especializaci\u00f3n"},"content":{"rendered":"\n<h1 class=\"wp-block-heading\">CURSOS MONOGR\u00c1FICOS Y DE ESPECIALIZACI\u00d3N<\/h1>\n\n\n\n<h2 class=\"has-text-align-center wp-block-heading\">DISPONIBLES PR\u00d3XIMAMENTE EN EL CAMPUS VIRTUAL DE LA escuelaberonia.com<\/h2>\n\n\n\n<div style=\"height:30px\" aria-hidden=\"true\" class=\"wp-block-spacer\"><\/div>\n\n\n\n<p>A continuaci\u00f3n os presentamos el listado de los cursos monogr\u00e1ficos y de especializaci\u00f3n que la escuela de animaci\u00f3n y educaci\u00f3n en el tiempo libre BERONIA os ofrece. Todos ellos estar\u00e1n pr\u00f3ximamente disponibles a trav\u00e9s del campus virtual de nuestra escuela.<\/p>\n\n\n\n<figure class=\"wp-block-gallery has-nested-images columns-default is-cropped wp-block-gallery-1 is-layout-flex wp-block-gallery-is-layout-flex\">\n<figure class=\"wp-block-image size-large\"><img fetchpriority=\"high\" decoding=\"async\" width=\"2400\" height=\"1459\" data-id=\"25880\" src=\"https:\/\/escuelaberonia.com\/wp-content\/uploads\/2022\/05\/pexels-pixabay-355948.jpg\" alt=\"\" class=\"wp-image-25880\" srcset=\"https:\/\/escuelaberonia.com\/wp-content\/uploads\/2022\/05\/pexels-pixabay-355948.jpg 2400w, https:\/\/escuelaberonia.com\/wp-content\/uploads\/2022\/05\/pexels-pixabay-355948-600x365.jpg 600w, https:\/\/escuelaberonia.com\/wp-content\/uploads\/2022\/05\/pexels-pixabay-355948-300x182.jpg 300w, https:\/\/escuelaberonia.com\/wp-content\/uploads\/2022\/05\/pexels-pixabay-355948-1024x623.jpg 1024w, https:\/\/escuelaberonia.com\/wp-content\/uploads\/2022\/05\/pexels-pixabay-355948-768x467.jpg 768w, https:\/\/escuelaberonia.com\/wp-content\/uploads\/2022\/05\/pexels-pixabay-355948-1536x934.jpg 1536w, https:\/\/escuelaberonia.com\/wp-content\/uploads\/2022\/05\/pexels-pixabay-355948-2048x1245.jpg 2048w\" sizes=\"(max-width: 2400px) 100vw, 2400px\" \/><figcaption>Cursos monograficos<\/figcaption><\/figure>\n<\/figure>\n\n\n\n<div style=\"height:50px\" aria-hidden=\"true\" class=\"wp-block-spacer\"><\/div>\n\n\n\n<div class=\"inherit-container-width wp-block-group is-layout-constrained wp-block-group-is-layout-constrained\"><div class=\"wp-block-group__inner-container\">\n<div class=\"wp-block-columns is-layout-flex wp-container-core-columns-is-layout-28f84493 wp-block-columns-is-layout-flex\">\n<div class=\"wp-block-column is-layout-flow wp-block-column-is-layout-flow\">\n<figure class=\"wp-block-gallery has-nested-images columns-default is-cropped wp-block-gallery-2 is-layout-flex wp-block-gallery-is-layout-flex\">\n<figure class=\"wp-block-image size-large\"><img decoding=\"async\" width=\"998\" height=\"561\" data-id=\"25934\" src=\"https:\/\/escuelaberonia.com\/wp-content\/uploads\/2022\/05\/MONOGRAFICOS.jpg\" alt=\"\" class=\"wp-image-25934\" srcset=\"https:\/\/escuelaberonia.com\/wp-content\/uploads\/2022\/05\/MONOGRAFICOS.jpg 998w, https:\/\/escuelaberonia.com\/wp-content\/uploads\/2022\/05\/MONOGRAFICOS-600x337.jpg 600w, https:\/\/escuelaberonia.com\/wp-content\/uploads\/2022\/05\/MONOGRAFICOS-300x169.jpg 300w, https:\/\/escuelaberonia.com\/wp-content\/uploads\/2022\/05\/MONOGRAFICOS-768x432.jpg 768w\" sizes=\"(max-width: 998px) 100vw, 998px\" \/><\/figure>\n<\/figure>\n<\/div>\n\n\n\n<div class=\"wp-block-column is-layout-flow wp-block-column-is-layout-flow\">\n<ul class=\"wp-block-list\"><li>CURSO ESPECIALIZACI\u00d3N MONITOR NECESIDADES EDUCATIVAS ESPECIALES<\/li><li>CURSO ESPECIALIZACI\u00d3N MONITOR TURISMO DE GRUPOS Y VIAJES DE FIN DE CURSO<\/li><li>CURSO ESPECIALIZACI\u00d3N MONITOR DE AULA MATINAL, TRANSPORTE ESCOLAR Y COMEDOR ESCOLAR<\/li><li>CURSO MONOGR\u00c1FICO COMO HABLAR EN P\u00daBLICO<\/li><li>CURSO MONOGR\u00c1FICO COMO AFRONTAR UNA ENTREVISTA DE TRABAJO<\/li><li>CURSO  DE ESPECIALIZACI\u00d3N MONITOR DE ANIMACI\u00d3N DE MUSEOS<\/li><li>CURSO MONOGR\u00c1FICO DIFICULTADES DE APRENDIZAJE<\/li><li>CURSO DE MASAJE INFANTIL Y DE LA IMPORTANCIA POSTURAL A NIVEL EMOCIONAL<\/li><li>CURSO MONOGR\u00c1FICO MONITOR CUENTA CUENTOS<\/li><\/ul>\n<\/div>\n<\/div>\n<\/div><\/div>\n\n\n\n<div class=\"inherit-container-width wp-block-group is-layout-constrained wp-block-group-is-layout-constrained\"><div class=\"wp-block-group__inner-container\">\n<div class=\"wp-block-columns is-layout-flex wp-container-core-columns-is-layout-28f84493 wp-block-columns-is-layout-flex\">\n<div class=\"wp-block-column is-layout-flow wp-block-column-is-layout-flow\">\n<div class=\"wp-block-columns is-layout-flex wp-container-core-columns-is-layout-28f84493 wp-block-columns-is-layout-flex\">\n<div class=\"wp-block-column is-layout-flow wp-block-column-is-layout-flow\">\n<div class=\"wp-block-columns is-layout-flex wp-container-core-columns-is-layout-28f84493 wp-block-columns-is-layout-flex\">\n<div class=\"wp-block-column is-layout-flow wp-block-column-is-layout-flow\">\n<div class=\"wp-block-buttons is-layout-flex wp-block-buttons-is-layout-flex\">\n<div class=\"wp-block-button aligncenter\"><a class=\"wp-block-button__link\">NEE<\/a><\/div>\n<\/div>\n<\/div>\n\n\n\n<div class=\"wp-block-column is-layout-flow wp-block-column-is-layout-flow\">\n<div class=\"wp-block-buttons is-layout-flex wp-block-buttons-is-layout-flex\">\n<div class=\"wp-block-button aligncenter\"><a class=\"wp-block-button__link\">VIAJES<\/a><\/div>\n<\/div>\n<\/div>\n<\/div>\n<\/div>\n\n\n\n<div class=\"wp-block-column is-layout-flow wp-block-column-is-layout-flow\">\n<div class=\"wp-block-columns is-layout-flex wp-container-core-columns-is-layout-28f84493 wp-block-columns-is-layout-flex\">\n<div class=\"wp-block-column is-layout-flow wp-block-column-is-layout-flow\">\n<div class=\"wp-block-buttons is-layout-flex wp-block-buttons-is-layout-flex\">\n<div class=\"wp-block-button aligncenter\"><a class=\"wp-block-button__link\">AULA<\/a><\/div>\n<\/div>\n<\/div>\n\n\n\n<div class=\"wp-block-column is-layout-flow wp-block-column-is-layout-flow\">\n<div class=\"wp-block-buttons is-layout-flex wp-block-buttons-is-layout-flex\">\n<div class=\"wp-block-button aligncenter\"><a class=\"wp-block-button__link\">HABLAR<\/a><\/div>\n<\/div>\n<\/div>\n<\/div>\n<\/div>\n\n\n\n<div class=\"wp-block-column is-layout-flow wp-block-column-is-layout-flow\">\n<div class=\"wp-block-columns is-layout-flex wp-container-core-columns-is-layout-28f84493 wp-block-columns-is-layout-flex\">\n<div class=\"wp-block-column is-layout-flow wp-block-column-is-layout-flow\">\n<div class=\"wp-block-buttons is-layout-flex wp-block-buttons-is-layout-flex\">\n<div class=\"wp-block-button aligncenter\"><a class=\"wp-block-button__link\">ENTREVISTA<\/a><\/div>\n<\/div>\n<\/div>\n\n\n\n<div class=\"wp-block-column is-layout-flow wp-block-column-is-layout-flow\">\n<div class=\"wp-block-buttons is-layout-flex wp-block-buttons-is-layout-flex\">\n<div class=\"wp-block-button aligncenter\"><a class=\"wp-block-button__link\">MUSEOS<\/a><\/div>\n<\/div>\n<\/div>\n<\/div>\n<\/div>\n<\/div>\n<\/div>\n<\/div>\n<\/div><\/div>\n\n\n\n<div style=\"height:70px\" aria-hidden=\"true\" class=\"wp-block-spacer\"><\/div>\n\n\n\n<div class=\"wp-block-buttons is-layout-flex wp-block-buttons-is-layout-flex\">\n<div class=\"wp-block-button aligncenter\"><a class=\"wp-block-button__link\" href=\"\" target=\"_blank\" rel=\"noreferrer noopener\">CAMPUS VIRTUAL<\/a><\/div>\n<\/div>\n","protected":false},"excerpt":{"rendered":"<p>CURSOS MONOGR\u00c1FICOS Y DE ESPECIALIZACI\u00d3N DISPONIBLES PR\u00d3XIMAMENTE EN EL CAMPUS VIRTUAL DE LA escuelaberonia.com A continuaci\u00f3n os presentamos el listado de los cursos monogr\u00e1ficos y de especializaci\u00f3n que la escuela de animaci\u00f3n y educaci\u00f3n en el tiempo libre BERONIA os ofrece. Todos ellos estar\u00e1n pr\u00f3ximamente disponibles a trav\u00e9s del campus virtual de nuestra escuela. CURSO [&hellip;]<\/p>\n","protected":false},"author":1,"featured_media":0,"parent":0,"menu_order":0,"comment_status":"closed","ping_status":"closed","template":"","meta":{"om_disable_all_campaigns":false,"_uag_custom_page_level_css":"","_monsterinsights_skip_tracking":false,"_monsterinsights_sitenote_active":false,"_monsterinsights_sitenote_note":"","_monsterinsights_sitenote_category":0,"site-sidebar-layout":"default","site-content-layout":"","ast-site-content-layout":"default","site-content-style":"default","site-sidebar-style":"default","ast-global-header-display":"","ast-banner-title-visibility":"","ast-main-header-display":"","ast-hfb-above-header-display":"","ast-hfb-below-header-display":"","ast-hfb-mobile-header-display":"","site-post-title":"disabled","ast-breadcrumbs-content":"","ast-featured-img":"","footer-sml-layout":"","ast-disable-related-posts":"","theme-transparent-header-meta":"","adv-header-id-meta":"","stick-header-meta":"","header-above-stick-meta":"","header-main-stick-meta":"","header-below-stick-meta":"","astra-migrate-meta-layouts":"default","ast-page-background-enabled":"default","ast-page-background-meta":{"desktop":{"background-color":"","background-image":"","background-repeat":"repeat","background-position":"center center","background-size":"auto","background-attachment":"scroll","background-type":"","background-media":"","overlay-type":"","overlay-color":"","overlay-opacity":"","overlay-gradient":""},"tablet":{"background-color":"","background-image":"","background-repeat":"repeat","background-position":"center center","background-size":"auto","background-attachment":"scroll","background-type":"","background-media":"","overlay-type":"","overlay-color":"","overlay-opacity":"","overlay-gradient":""},"mobile":{"background-color":"","background-image":"","background-repeat":"repeat","background-position":"center center","background-size":"auto","background-attachment":"scroll","background-type":"","background-media":"","overlay-type":"","overlay-color":"","overlay-opacity":"","overlay-gradient":""}},"ast-content-background-meta":{"desktop":{"background-color":"var(--ast-global-color-5)","background-image":"","background-repeat":"repeat","background-position":"center center","background-size":"auto","background-attachment":"scroll","background-type":"","background-media":"","overlay-type":"","overlay-color":"","overlay-opacity":"","overlay-gradient":""},"tablet":{"background-color":"var(--ast-global-color-5)","background-image":"","background-repeat":"repeat","background-position":"center center","background-size":"auto","background-attachment":"scroll","background-type":"","background-media":"","overlay-type":"","overlay-color":"","overlay-opacity":"","overlay-gradient":""},"mobile":{"background-color":"var(--ast-global-color-5)","background-image":"","background-repeat":"repeat","background-position":"center center","background-size":"auto","background-attachment":"scroll","background-type":"","background-media":"","overlay-type":"","overlay-color":"","overlay-opacity":"","overlay-gradient":""}},"footnotes":""},"class_list":["post-25689","page","type-page","status-publish","hentry"],"aioseo_notices":[],"uagb_featured_image_src":{"full":false,"thumbnail":false,"medium":false,"medium_large":false,"large":false,"1536x1536":false,"2048x2048":false,"mailpoet_newsletter_max":false,"woocommerce_thumbnail":false,"woocommerce_single":false,"woocommerce_gallery_thumbnail":false},"uagb_author_info":{"display_name":"mfrvit@hotmail.com","author_link":"https:\/\/escuelaberonia.com\/?author=1"},"uagb_comment_info":0,"uagb_excerpt":"CURSOS MONOGR\u00c1FICOS Y DE ESPECIALIZACI\u00d3N DISPONIBLES PR\u00d3XIMAMENTE EN EL CAMPUS VIRTUAL DE LA escuelaberonia.com A continuaci\u00f3n os presentamos el listado de los cursos monogr\u00e1ficos y de especializaci\u00f3n que la escuela de animaci\u00f3n y educaci\u00f3n en el tiempo libre BERONIA os ofrece. Todos ellos estar\u00e1n pr\u00f3ximamente disponibles a trav\u00e9s del campus virtual de nuestra escuela. CURSO&hellip;","jetpack_sharing_enabled":true,"_links":{"self":[{"href":"https:\/\/escuelaberonia.com\/index.php?rest_route=\/wp\/v2\/pages\/25689","targetHints":{"allow":["GET"]}}],"collection":[{"href":"https:\/\/escuelaberonia.com\/index.php?rest_route=\/wp\/v2\/pages"}],"about":[{"href":"https:\/\/escuelaberonia.com\/index.php?rest_route=\/wp\/v2\/types\/page"}],"author":[{"embeddable":true,"href":"https:\/\/escuelaberonia.com\/index.php?rest_route=\/wp\/v2\/users\/1"}],"replies":[{"embeddable":true,"href":"https:\/\/escuelaberonia.com\/index.php?rest_route=%2Fwp%2Fv2%2Fcomments&post=25689"}],"version-history":[{"count":28,"href":"https:\/\/escuelaberonia.com\/index.php?rest_route=\/wp\/v2\/pages\/25689\/revisions"}],"predecessor-version":[{"id":26047,"href":"https:\/\/escuelaberonia.com\/index.php?rest_route=\/wp\/v2\/pages\/25689\/revisions\/26047"}],"wp:attachment":[{"href":"https:\/\/escuelaberonia.com\/index.php?rest_route=%2Fwp%2Fv2%2Fmedia&parent=25689"}],"curies":[{"name":"wp","href":"https:\/\/api.w.org\/{rel}","templated":true}]}}