{"id":25687,"date":"2022-05-09T11:12:35","date_gmt":"2022-05-09T11:12:35","guid":{"rendered":"https:\/\/escuelaberonia.com\/?page_id=25687"},"modified":"2022-05-12T19:10:49","modified_gmt":"2022-05-12T19:10:49","slug":"curso-monitora-or-de-tiempo-libre","status":"publish","type":"page","link":"https:\/\/escuelaberonia.com\/?page_id=25687","title":{"rendered":"Curso Monitora\/or de tiempo libre"},"content":{"rendered":"\n<h1 class=\"wp-block-heading\">CURSO MONITORA\/OR DE TIEMPO LIBRE<\/h1>\n\n\n\n<div style=\"height:70px\" aria-hidden=\"true\" class=\"wp-block-spacer\"><\/div>\n\n\n\n<figure class=\"wp-block-gallery has-nested-images columns-default is-cropped wp-block-gallery-1 is-layout-flex wp-block-gallery-is-layout-flex\">\n<figure class=\"wp-block-image size-large\"><img fetchpriority=\"high\" decoding=\"async\" width=\"2560\" height=\"1707\" data-id=\"25874\" src=\"https:\/\/escuelaberonia.com\/wp-content\/uploads\/2022\/05\/Fondo_1_markus-spiske-QozzJpFZ2lg-unsplash-scaled.jpg\" alt=\"Foto monitores\" class=\"wp-image-25874\" srcset=\"https:\/\/escuelaberonia.com\/wp-content\/uploads\/2022\/05\/Fondo_1_markus-spiske-QozzJpFZ2lg-unsplash-scaled.jpg 2560w, https:\/\/escuelaberonia.com\/wp-content\/uploads\/2022\/05\/Fondo_1_markus-spiske-QozzJpFZ2lg-unsplash-scaled-600x400.jpg 600w, https:\/\/escuelaberonia.com\/wp-content\/uploads\/2022\/05\/Fondo_1_markus-spiske-QozzJpFZ2lg-unsplash-300x200.jpg 300w, https:\/\/escuelaberonia.com\/wp-content\/uploads\/2022\/05\/Fondo_1_markus-spiske-QozzJpFZ2lg-unsplash-1024x683.jpg 1024w, https:\/\/escuelaberonia.com\/wp-content\/uploads\/2022\/05\/Fondo_1_markus-spiske-QozzJpFZ2lg-unsplash-768x512.jpg 768w, https:\/\/escuelaberonia.com\/wp-content\/uploads\/2022\/05\/Fondo_1_markus-spiske-QozzJpFZ2lg-unsplash-1536x1024.jpg 1536w, https:\/\/escuelaberonia.com\/wp-content\/uploads\/2022\/05\/Fondo_1_markus-spiske-QozzJpFZ2lg-unsplash-2048x1365.jpg 2048w\" sizes=\"(max-width: 2560px) 100vw, 2560px\" \/><figcaption>Curso Monitora\/or de tiempo libre<\/figcaption><\/figure>\n<\/figure>\n\n\n\n<h2 class=\"wp-block-heading\">REQUISITOS<\/h2>\n\n\n\n<ul class=\"wp-block-list\"><li>Tener cumplidos 18 a\u00f1os de edad antes del inicio del curso.<\/li><li>Estar en posesi\u00f3n del certificado acreditativo de haber finalizado la Ense\u00f1anza Secundaria Obligatoria-ESO.<\/li><\/ul>\n\n\n\n<h2 class=\"wp-block-heading\">OBJETIVO<\/h2>\n\n\n\n<ul class=\"wp-block-list\"><li>Formar personas capaces de realizar actividades socio-culturales espec\u00edficas para la infancia y la juventud, tanto en el tiempo libre urbano como en la naturaleza.<\/li><\/ul>\n\n\n\n<h2 class=\"wp-block-heading\">FASES DEL CURSO<\/h2>\n\n\n\n<ul class=\"wp-block-list\"><li><strong>Fase te\u00f3rico-pr\u00e1ctica<\/strong>: Tendr\u00e1n una duraci\u00f3n de 150 horas lectivas, 120 horas corresponder\u00e1n a los contenidos m\u00ednimos establecidos en la legislaci\u00f3n vigente, 10 horas para los contenidos y criterios propios del proyecto educativo de la Escuela y 20 horas para el estudio y ejecuci\u00f3n del trabajo final.<\/li><li><strong>Fase pr\u00e1ctica<\/strong>: Se realizar\u00e1n una vez finalizada la fase te\u00f3rico-pr\u00e1ctica y se podr\u00e1n llevar a cabo en una colonia, campamento, albergue juvenil, casa de juventud, asociaci\u00f3n juvenil, centro de informaci\u00f3n juvenil o en otra entidad cuya actividad principal este dirigida a un p\u00fablico infantil o juvenil.&nbsp;La duraci\u00f3n m\u00ednima ser\u00e1 de 14 d\u00edas continuados y en cualquier caso, no podr\u00e1 ser inferior a 130 horas. La modalidad extensiva se llevara a cabo en centros de Juventud durante un plazo m\u00ednimo de tres meses y con una duraci\u00f3n no inferior a 150 horas.&nbsp;Para realizar las pr\u00e1cticas tendr\u00e1n 18 meses&nbsp;desde la finalizaci\u00f3n de la fase te\u00f3rico-pr\u00e1ctica y el inicio de las pr\u00e1cticas.<\/li><\/ul>\n\n\n\n<h2 class=\"wp-block-heading\">CONTENIDOS <\/h2>\n\n\n\n<p>NuestroNuestro curso se ajusta a los contenidos exigidos por la orden 19\/2002, de 12 de marzo, de la consejer\u00eda de Educaci\u00f3n, Cultura, Juventud y Deportes por la que se establece el plan de formaci\u00f3n, contenido y desarrollo de los Curso de Directores y Monitores de Tiempo Libre Infantil y Juvenil.<\/p>\n\n\n\n<p>Para descargar los contenidos del curso pincha en el boton<\/p>\n\n\n\n<div class=\"wp-block-buttons is-layout-flex wp-block-buttons-is-layout-flex\">\n<div class=\"wp-block-button\"><a class=\"wp-block-button__link\" href=\"https:\/\/escuelaberonia.com\/wp-content\/uploads\/2022\/05\/Contenidos-MTL.pdf\" target=\"_blank\" rel=\"noreferrer noopener\">Contenidos del curso<\/a><\/div>\n<\/div>\n\n\n\n<div style=\"height:50px\" aria-hidden=\"true\" class=\"wp-block-spacer\"><\/div>\n\n\n\n<h2 class=\"wp-block-heading\">EVALUACI\u00d3N<\/h2>\n\n\n\n<p>La Evaluaci\u00f3n del curso deber\u00e1 integrar las fases de que consta, por un lado la fase te\u00f3rico-pr\u00e1ctica y por otro la fase de formaci\u00f3n pr\u00e1ctica a realizar en instituciones u asociaciones que organicen actividades de tiempo libre. Para la obtenci\u00f3n del t\u00edtulo ser\u00e1 necesaria la superaci\u00f3n de ambas fases.<\/p>\n\n\n\n<ul class=\"wp-block-list\"><li><strong>FASE TE\u00d3RICO-PR\u00c1CTICA<\/strong>: La asistencia al curso<strong>&nbsp;&nbsp;es obligatoria<\/strong>, en caso de que se produzca una ausencia por parte del alumno, este deber\u00e1 justificarla adecuadamente y recuperar las horas perdidas hasta completar el horario m\u00ednimo exigido.<\/li><li><strong>FASE PR\u00c1CTICA<\/strong>: Es obligatorio entregar el proyecto, la memoria de pr\u00e1cticas y el certificado del tutor de las pr\u00e1cticas con una valoraci\u00f3n de APTO.<\/li><\/ul>\n\n\n\n<h2 class=\"wp-block-heading\">OBTENCI\u00d3N DEL DIPLOMA<\/h2>\n\n\n\n<p>Si a la finalizaci\u00f3n de ambas fases el alumno\/a obtiene la calificaci\u00f3n general de APTO, se proceder\u00e1 a la emisi\u00f3n de un certificado provisional por parte de la escuela, mientras se realizan los tr\u00e1mites oportunos para la expedici\u00f3n del t\u00edtulo oficial por el Instituto Riojano de la Juventud.<\/p>\n\n\n\n<figure class=\"wp-block-gallery has-nested-images columns-default is-cropped wp-block-gallery-2 is-layout-flex wp-block-gallery-is-layout-flex\">\n<figure class=\"wp-block-image size-large\"><img decoding=\"async\" width=\"389\" height=\"130\" data-id=\"25748\" src=\"https:\/\/escuelaberonia.com\/wp-content\/uploads\/2022\/05\/IRJ-COMPLETO.png\" alt=\"\" class=\"wp-image-25748\" srcset=\"https:\/\/escuelaberonia.com\/wp-content\/uploads\/2022\/05\/IRJ-COMPLETO.png 389w, https:\/\/escuelaberonia.com\/wp-content\/uploads\/2022\/05\/IRJ-COMPLETO-300x100.png 300w\" sizes=\"(max-width: 389px) 100vw, 389px\" \/><\/figure>\n<\/figure>\n","protected":false},"excerpt":{"rendered":"<p>CURSO MONITORA\/OR DE TIEMPO LIBRE REQUISITOS Tener cumplidos 18 a\u00f1os de edad antes del inicio del curso. Estar en posesi\u00f3n del certificado acreditativo de haber finalizado la Ense\u00f1anza Secundaria Obligatoria-ESO. OBJETIVO Formar personas capaces de realizar actividades socio-culturales espec\u00edficas para la infancia y la juventud, tanto en el tiempo libre urbano como en la naturaleza. [&hellip;]<\/p>\n","protected":false},"author":1,"featured_media":0,"parent":0,"menu_order":0,"comment_status":"closed","ping_status":"closed","template":"","meta":{"om_disable_all_campaigns":false,"_uag_custom_page_level_css":"","_monsterinsights_skip_tracking":false,"_monsterinsights_sitenote_active":false,"_monsterinsights_sitenote_note":"","_monsterinsights_sitenote_category":0,"site-sidebar-layout":"default","site-content-layout":"","ast-site-content-layout":"default","site-content-style":"default","site-sidebar-style":"default","ast-global-header-display":"","ast-banner-title-visibility":"","ast-main-header-display":"","ast-hfb-above-header-display":"","ast-hfb-below-header-display":"","ast-hfb-mobile-header-display":"","site-post-title":"disabled","ast-breadcrumbs-content":"","ast-featured-img":"","footer-sml-layout":"","ast-disable-related-posts":"","theme-transparent-header-meta":"","adv-header-id-meta":"","stick-header-meta":"","header-above-stick-meta":"","header-main-stick-meta":"","header-below-stick-meta":"","astra-migrate-meta-layouts":"default","ast-page-background-enabled":"default","ast-page-background-meta":{"desktop":{"background-color":"","background-image":"","background-repeat":"repeat","background-position":"center center","background-size":"auto","background-attachment":"scroll","background-type":"","background-media":"","overlay-type":"","overlay-color":"","overlay-opacity":"","overlay-gradient":""},"tablet":{"background-color":"","background-image":"","background-repeat":"repeat","background-position":"center center","background-size":"auto","background-attachment":"scroll","background-type":"","background-media":"","overlay-type":"","overlay-color":"","overlay-opacity":"","overlay-gradient":""},"mobile":{"background-color":"","background-image":"","background-repeat":"repeat","background-position":"center center","background-size":"auto","background-attachment":"scroll","background-type":"","background-media":"","overlay-type":"","overlay-color":"","overlay-opacity":"","overlay-gradient":""}},"ast-content-background-meta":{"desktop":{"background-color":"var(--ast-global-color-5)","background-image":"","background-repeat":"repeat","background-position":"center center","background-size":"auto","background-attachment":"scroll","background-type":"","background-media":"","overlay-type":"","overlay-color":"","overlay-opacity":"","overlay-gradient":""},"tablet":{"background-color":"var(--ast-global-color-5)","background-image":"","background-repeat":"repeat","background-position":"center center","background-size":"auto","background-attachment":"scroll","background-type":"","background-media":"","overlay-type":"","overlay-color":"","overlay-opacity":"","overlay-gradient":""},"mobile":{"background-color":"var(--ast-global-color-5)","background-image":"","background-repeat":"repeat","background-position":"center center","background-size":"auto","background-attachment":"scroll","background-type":"","background-media":"","overlay-type":"","overlay-color":"","overlay-opacity":"","overlay-gradient":""}},"footnotes":""},"class_list":["post-25687","page","type-page","status-publish","hentry"],"aioseo_notices":[],"uagb_featured_image_src":{"full":false,"thumbnail":false,"medium":false,"medium_large":false,"large":false,"1536x1536":false,"2048x2048":false,"mailpoet_newsletter_max":false,"woocommerce_thumbnail":false,"woocommerce_single":false,"woocommerce_gallery_thumbnail":false},"uagb_author_info":{"display_name":"mfrvit@hotmail.com","author_link":"https:\/\/escuelaberonia.com\/?author=1"},"uagb_comment_info":0,"uagb_excerpt":"CURSO MONITORA\/OR DE TIEMPO LIBRE REQUISITOS Tener cumplidos 18 a\u00f1os de edad antes del inicio del curso. Estar en posesi\u00f3n del certificado acreditativo de haber finalizado la Ense\u00f1anza Secundaria Obligatoria-ESO. OBJETIVO Formar personas capaces de realizar actividades socio-culturales espec\u00edficas para la infancia y la juventud, tanto en el tiempo libre urbano como en la naturaleza.&hellip;","jetpack_sharing_enabled":true,"_links":{"self":[{"href":"https:\/\/escuelaberonia.com\/index.php?rest_route=\/wp\/v2\/pages\/25687","targetHints":{"allow":["GET"]}}],"collection":[{"href":"https:\/\/escuelaberonia.com\/index.php?rest_route=\/wp\/v2\/pages"}],"about":[{"href":"https:\/\/escuelaberonia.com\/index.php?rest_route=\/wp\/v2\/types\/page"}],"author":[{"embeddable":true,"href":"https:\/\/escuelaberonia.com\/index.php?rest_route=\/wp\/v2\/users\/1"}],"replies":[{"embeddable":true,"href":"https:\/\/escuelaberonia.com\/index.php?rest_route=%2Fwp%2Fv2%2Fcomments&post=25687"}],"version-history":[{"count":17,"href":"https:\/\/escuelaberonia.com\/index.php?rest_route=\/wp\/v2\/pages\/25687\/revisions"}],"predecessor-version":[{"id":25957,"href":"https:\/\/escuelaberonia.com\/index.php?rest_route=\/wp\/v2\/pages\/25687\/revisions\/25957"}],"wp:attachment":[{"href":"https:\/\/escuelaberonia.com\/index.php?rest_route=%2Fwp%2Fv2%2Fmedia&parent=25687"}],"curies":[{"name":"wp","href":"https:\/\/api.w.org\/{rel}","templated":true}]}}