{"id":25685,"date":"2022-05-09T11:11:37","date_gmt":"2022-05-09T11:11:37","guid":{"rendered":"https:\/\/escuelaberonia.com\/?page_id=25685"},"modified":"2022-05-12T19:09:01","modified_gmt":"2022-05-12T19:09:01","slug":"curso-directora-or-de-tiempo-libre","status":"publish","type":"page","link":"https:\/\/escuelaberonia.com\/?page_id=25685","title":{"rendered":"Curso Directora\/or de tiempo libre"},"content":{"rendered":"\n<h1 class=\"has-text-align-center wp-block-heading\">CURSO DE DIRECTORA\/OR DE TIEMPO LIBRE<\/h1>\n\n\n\n<div style=\"height:70px\" aria-hidden=\"true\" class=\"wp-block-spacer\"><\/div>\n\n\n\n<figure class=\"wp-block-gallery has-nested-images columns-default is-cropped wp-block-gallery-1 is-layout-flex wp-block-gallery-is-layout-flex\">\n<figure class=\"wp-block-image size-large\"><img fetchpriority=\"high\" decoding=\"async\" width=\"2560\" height=\"1687\" data-id=\"25872\" src=\"https:\/\/escuelaberonia.com\/wp-content\/uploads\/2022\/05\/10_1_pexels-min-an-853168-scaled.jpg\" alt=\"Foto de grupo\" class=\"wp-image-25872\" srcset=\"https:\/\/escuelaberonia.com\/wp-content\/uploads\/2022\/05\/10_1_pexels-min-an-853168-scaled.jpg 2560w, https:\/\/escuelaberonia.com\/wp-content\/uploads\/2022\/05\/10_1_pexels-min-an-853168-scaled-600x395.jpg 600w, https:\/\/escuelaberonia.com\/wp-content\/uploads\/2022\/05\/10_1_pexels-min-an-853168-300x198.jpg 300w, https:\/\/escuelaberonia.com\/wp-content\/uploads\/2022\/05\/10_1_pexels-min-an-853168-1024x675.jpg 1024w, https:\/\/escuelaberonia.com\/wp-content\/uploads\/2022\/05\/10_1_pexels-min-an-853168-768x506.jpg 768w, https:\/\/escuelaberonia.com\/wp-content\/uploads\/2022\/05\/10_1_pexels-min-an-853168-1536x1012.jpg 1536w, https:\/\/escuelaberonia.com\/wp-content\/uploads\/2022\/05\/10_1_pexels-min-an-853168-2048x1349.jpg 2048w\" sizes=\"(max-width: 2560px) 100vw, 2560px\" \/><figcaption>Curso Directora\/or de tiempo libre<\/figcaption><\/figure>\n<\/figure>\n\n\n\n<h2 class=\"wp-block-heading\">REQUISITOS<\/h2>\n\n\n\n<ul class=\"wp-block-list\"><li>Estar en posesi\u00f3n del diploma de Monitor de Tiempo Libre.<\/li><li>Acreditar una experiencia como monitor de tiempo libre de dos a\u00f1os y suficiente a juicio de la escuela de formaci\u00f3n de directores y monitores de tiempo libre en la que se vaya a matricular<\/li><\/ul>\n\n\n\n<h2 class=\"wp-block-heading\">OBJETIVOS<\/h2>\n\n\n\n<ul class=\"wp-block-list\"><li>La formaci\u00f3n de personas capaces de coordinar un equipo de monitores para la organizaci\u00f3n de actividades de animaci\u00f3n socio-cultural, destinadas a la infancia y la juventud, tanto en el tiempo libre urbano, como en la naturaleza.<\/li><li>Ser capaz de dirigir una entidad de juventud, asociaci\u00f3n o actividad educativa en el Tiempo Libre.<\/li><\/ul>\n\n\n\n<h2 class=\"wp-block-heading\">CONTENIDOS<\/h2>\n\n\n\n<p>Nuestro curso se ajusta a los contenidos exigidos por la orden 19\/2002, de 12 de marzo, de la consejer\u00eda de Educaci\u00f3n, Cultura, Juventud y Deportes por la que se establece el plan de formaci\u00f3n, contenido y desarrollo de los Curso de Directores y Monitores de Tiempo Libre Infantil y Juvenil.<\/p>\n\n\n\n<p>Contenidos del curso en el siguiente enlace:<\/p>\n\n\n\n<div class=\"wp-block-buttons is-layout-flex wp-block-buttons-is-layout-flex\">\n<div class=\"wp-block-button\"><a class=\"wp-block-button__link\" href=\"https:\/\/escuelaberonia.com\/wp-content\/uploads\/2022\/05\/Contenidos-DTL.pdf\" target=\"_blank\" rel=\"noreferrer noopener\">Contenidos del curso<\/a><\/div>\n<\/div>\n\n\n\n<div style=\"height:50px\" aria-hidden=\"true\" class=\"wp-block-spacer\"><\/div>\n\n\n\n<h2 class=\"wp-block-heading\">EVALUACI\u00d3N<\/h2>\n\n\n\n<p>La Evaluaci\u00f3n del curso deber\u00e1 integrar las fases de que consta, por un lado la fase te\u00f3rico-pr\u00e1ctica y por otro la fase de formaci\u00f3n pr\u00e1ctica a realizar en instituciones u asociaciones que organicen actividades de tiempo libre. Para la obtenci\u00f3n del t\u00edtulo ser\u00e1 necesaria la superaci\u00f3n de ambas fases.<\/p>\n\n\n\n<ul class=\"wp-block-list\"><li><strong>FASE TE\u00d3RICO-PR\u00c1CTICA<\/strong>: La asistencia al curso<strong>&nbsp;&nbsp;es obligatoria<\/strong>, en caso de que se produzca una ausencia por parte del alumno, este deber\u00e1 justificarla adecuadamente y recuperar las horas perdidas hasta completar el horario m\u00ednimo exigido.<\/li><li><strong>FASE PR\u00c1CTICA<\/strong>: Es obligatorio entregar el proyecto, la memoria de pr\u00e1cticas y el certificado del tutor de las pr\u00e1cticas con una valoraci\u00f3n de APTO.<\/li><\/ul>\n\n\n\n<h2 class=\"wp-block-heading\">OBTENCI\u00d3N DEL DIPLOMA<\/h2>\n\n\n\n<p>Si a la finalizaci\u00f3n de ambas fases el alumno\/a obtiene la calificaci\u00f3n general de APTO, se proceder\u00e1 a la emisi\u00f3n de un certificado provisional por parte de la escuela, mientras se realizan los tr\u00e1mites oportunos para la expedici\u00f3n del t\u00edtulo oficial por el Instituto Riojano de la Juventud.<\/p>\n\n\n\n<figure class=\"wp-block-gallery aligncenter has-nested-images columns-default is-cropped wp-block-gallery-2 is-layout-flex wp-block-gallery-is-layout-flex\">\n<figure class=\"wp-block-image size-large\"><img decoding=\"async\" width=\"389\" height=\"130\" data-id=\"25748\" src=\"https:\/\/escuelaberonia.com\/wp-content\/uploads\/2022\/05\/IRJ-COMPLETO.png\" alt=\"\" class=\"wp-image-25748\" srcset=\"https:\/\/escuelaberonia.com\/wp-content\/uploads\/2022\/05\/IRJ-COMPLETO.png 389w, https:\/\/escuelaberonia.com\/wp-content\/uploads\/2022\/05\/IRJ-COMPLETO-300x100.png 300w\" sizes=\"(max-width: 389px) 100vw, 389px\" \/><\/figure>\n<\/figure>\n","protected":false},"excerpt":{"rendered":"<p>CURSO DE DIRECTORA\/OR DE TIEMPO LIBRE REQUISITOS Estar en posesi\u00f3n del diploma de Monitor de Tiempo Libre. Acreditar una experiencia como monitor de tiempo libre de dos a\u00f1os y suficiente a juicio de la escuela de formaci\u00f3n de directores y monitores de tiempo libre en la que se vaya a matricular OBJETIVOS La formaci\u00f3n de [&hellip;]<\/p>\n","protected":false},"author":1,"featured_media":0,"parent":0,"menu_order":0,"comment_status":"closed","ping_status":"closed","template":"","meta":{"om_disable_all_campaigns":false,"_uag_custom_page_level_css":"","_monsterinsights_skip_tracking":false,"_monsterinsights_sitenote_active":false,"_monsterinsights_sitenote_note":"","_monsterinsights_sitenote_category":0,"site-sidebar-layout":"default","site-content-layout":"","ast-site-content-layout":"default","site-content-style":"default","site-sidebar-style":"default","ast-global-header-display":"","ast-banner-title-visibility":"","ast-main-header-display":"","ast-hfb-above-header-display":"","ast-hfb-below-header-display":"","ast-hfb-mobile-header-display":"","site-post-title":"disabled","ast-breadcrumbs-content":"","ast-featured-img":"","footer-sml-layout":"","ast-disable-related-posts":"","theme-transparent-header-meta":"","adv-header-id-meta":"","stick-header-meta":"","header-above-stick-meta":"","header-main-stick-meta":"","header-below-stick-meta":"","astra-migrate-meta-layouts":"default","ast-page-background-enabled":"default","ast-page-background-meta":{"desktop":{"background-color":"","background-image":"","background-repeat":"repeat","background-position":"center center","background-size":"auto","background-attachment":"scroll","background-type":"","background-media":"","overlay-type":"","overlay-color":"","overlay-opacity":"","overlay-gradient":""},"tablet":{"background-color":"","background-image":"","background-repeat":"repeat","background-position":"center center","background-size":"auto","background-attachment":"scroll","background-type":"","background-media":"","overlay-type":"","overlay-color":"","overlay-opacity":"","overlay-gradient":""},"mobile":{"background-color":"","background-image":"","background-repeat":"repeat","background-position":"center center","background-size":"auto","background-attachment":"scroll","background-type":"","background-media":"","overlay-type":"","overlay-color":"","overlay-opacity":"","overlay-gradient":""}},"ast-content-background-meta":{"desktop":{"background-color":"var(--ast-global-color-5)","background-image":"","background-repeat":"repeat","background-position":"center center","background-size":"auto","background-attachment":"scroll","background-type":"","background-media":"","overlay-type":"","overlay-color":"","overlay-opacity":"","overlay-gradient":""},"tablet":{"background-color":"var(--ast-global-color-5)","background-image":"","background-repeat":"repeat","background-position":"center center","background-size":"auto","background-attachment":"scroll","background-type":"","background-media":"","overlay-type":"","overlay-color":"","overlay-opacity":"","overlay-gradient":""},"mobile":{"background-color":"var(--ast-global-color-5)","background-image":"","background-repeat":"repeat","background-position":"center center","background-size":"auto","background-attachment":"scroll","background-type":"","background-media":"","overlay-type":"","overlay-color":"","overlay-opacity":"","overlay-gradient":""}},"footnotes":""},"class_list":["post-25685","page","type-page","status-publish","hentry"],"aioseo_notices":[],"uagb_featured_image_src":{"full":false,"thumbnail":false,"medium":false,"medium_large":false,"large":false,"1536x1536":false,"2048x2048":false,"mailpoet_newsletter_max":false,"woocommerce_thumbnail":false,"woocommerce_single":false,"woocommerce_gallery_thumbnail":false},"uagb_author_info":{"display_name":"mfrvit@hotmail.com","author_link":"https:\/\/escuelaberonia.com\/?author=1"},"uagb_comment_info":0,"uagb_excerpt":"CURSO DE DIRECTORA\/OR DE TIEMPO LIBRE REQUISITOS Estar en posesi\u00f3n del diploma de Monitor de Tiempo Libre. Acreditar una experiencia como monitor de tiempo libre de dos a\u00f1os y suficiente a juicio de la escuela de formaci\u00f3n de directores y monitores de tiempo libre en la que se vaya a matricular OBJETIVOS La formaci\u00f3n de&hellip;","jetpack_sharing_enabled":true,"_links":{"self":[{"href":"https:\/\/escuelaberonia.com\/index.php?rest_route=\/wp\/v2\/pages\/25685","targetHints":{"allow":["GET"]}}],"collection":[{"href":"https:\/\/escuelaberonia.com\/index.php?rest_route=\/wp\/v2\/pages"}],"about":[{"href":"https:\/\/escuelaberonia.com\/index.php?rest_route=\/wp\/v2\/types\/page"}],"author":[{"embeddable":true,"href":"https:\/\/escuelaberonia.com\/index.php?rest_route=\/wp\/v2\/users\/1"}],"replies":[{"embeddable":true,"href":"https:\/\/escuelaberonia.com\/index.php?rest_route=%2Fwp%2Fv2%2Fcomments&post=25685"}],"version-history":[{"count":21,"href":"https:\/\/escuelaberonia.com\/index.php?rest_route=\/wp\/v2\/pages\/25685\/revisions"}],"predecessor-version":[{"id":25953,"href":"https:\/\/escuelaberonia.com\/index.php?rest_route=\/wp\/v2\/pages\/25685\/revisions\/25953"}],"wp:attachment":[{"href":"https:\/\/escuelaberonia.com\/index.php?rest_route=%2Fwp%2Fv2%2Fmedia&parent=25685"}],"curies":[{"name":"wp","href":"https:\/\/api.w.org\/{rel}","templated":true}]}}