{"id":25405,"date":"2020-09-16T05:09:25","date_gmt":"2020-09-16T05:09:25","guid":{"rendered":"http:\/\/escuelaberonia.com\/?page_id=25405"},"modified":"2022-07-20T11:07:36","modified_gmt":"2022-07-20T11:07:36","slug":"contacto","status":"publish","type":"page","link":"https:\/\/escuelaberonia.com\/?page_id=25405","title":{"rendered":"Contacta con nosotros"},"content":{"rendered":"\n<div class=\"wp-block-cover alignfull is-position-center-center\" style=\"min-height:400px;aspect-ratio:unset;\"><span aria-hidden=\"true\" class=\"wp-block-cover__background has-ast-global-color-0-background-color has-background-dim-100 has-background-dim\"><\/span><div class=\"wp-block-cover__inner-container is-layout-flow wp-block-cover-is-layout-flow\">\n<div class=\"inherit-container-width wp-block-group is-layout-constrained wp-block-group-is-layout-constrained\"><div class=\"wp-block-group__inner-container\">\n<h1 class=\"has-text-align-center has-white-color has-text-color wp-block-heading\">\u00bfNecesitas ayuda?<\/h1>\n\n\n\n<p class=\"has-text-align-center has-white-color has-text-color\">Si necesitas m\u00e1s informaci\u00f3n o ayuda para apuntarte a cualquiera de nuestros cursos, no dudes en ponerte en contacto con nosotros, con mucho placeer te ayudaremos a resolver todas las dudas que puedas tener<\/p>\n<\/div><\/div>\n<\/div><\/div>\n\n\n\n<figure class=\"wp-block-gallery has-nested-images columns-default is-cropped wp-block-gallery-1 is-layout-flex wp-block-gallery-is-layout-flex\">\n<figure class=\"wp-block-image size-large\"><img decoding=\"async\" width=\"100\" height=\"100\" data-id=\"25221\" src=\"https:\/\/escuelaberonia.com\/wp-content\/uploads\/2019\/06\/mail.png\" alt=\"\" class=\"wp-image-25221\"\/><\/figure>\n\n\n\n<figure class=\"wp-block-image size-large\"><img decoding=\"async\" width=\"100\" height=\"100\" data-id=\"25220\" src=\"https:\/\/escuelaberonia.com\/wp-content\/uploads\/2019\/06\/phone01.png\" alt=\"\" class=\"wp-image-25220\"\/><\/figure>\n<\/figure>\n\n\n\n<div class=\"inherit-container-width wp-block-group alignfull has-ast-global-color-4-background-color has-background is-layout-constrained wp-block-group-is-layout-constrained\"><div class=\"wp-block-group__inner-container\">\n<div class=\"inherit-container-width wp-block-group is-layout-constrained wp-block-group-is-layout-constrained\"><div class=\"wp-block-group__inner-container\">\n<h2 class=\"has-text-align-center wp-block-heading\">Mandanos un mensaje<\/h2>\n\n\n\n<p><\/p>\n\n\n\n<div class=\"wp-block-columns are-vertically-aligned-center is-layout-flex wp-container-core-columns-is-layout-28f84493 wp-block-columns-is-layout-flex\">\n<div class=\"wp-block-column is-vertically-aligned-center is-layout-flow wp-block-column-is-layout-flow\" style=\"flex-basis:55%\">\n<div class=\"inherit-container-width wp-block-group has-ast-global-color-5-background-color has-background is-layout-constrained wp-block-group-is-layout-constrained\"><div class=\"wp-block-group__inner-container\"><\/div><\/div>\n<\/div>\n\n\n\n<div class=\"wp-block-column is-layout-flow wp-block-column-is-layout-flow\"><\/div>\n\n\n\n<div class=\"wp-block-column is-vertically-aligned-center is-layout-flow wp-block-column-is-layout-flow\" style=\"flex-basis:45%\">\n<div class=\"inherit-container-width wp-block-group is-layout-constrained wp-block-group-is-layout-constrained\"><div class=\"wp-block-group__inner-container\">\n<div class=\"wp-block-uagb-info-box uagb-infobox__outer-wrap uagb-block-d4534595\"><div class=\"uagb-infobox__content-wrap uagb-infobox uagb-infobox-has-icon uagb-infobox-icon-left uagb-infobox-left uagb-infobox-stacked-tablet uagb-infobox-image-valign-top uagb-infobox-enable-border-radius \"><div class=\"uagb-ifb-left-right-wrap\"><div class=\"uagb-ifb-image-icon-content uagb-ifb-imgicon-wrap\"><div class=\"uagb-ifb-icon-wrap\"><span class=\"uagb-ifb-icon\"><svg xmlns=\"http:\/\/www.w3.org\/2000\/svg\" viewBox=\"0 0 512 512\"><path d=\"M497.39 361.8l-112-48a24 24 0 0 0-28 6.9l-49.6 60.6A370.66 370.66 0 0 1 130.6 204.11l60.6-49.6a23.94 23.94 0 0 0 6.9-28l-48-112A24.16 24.16 0 0 0 122.6.61l-104 24A24 24 0 0 0 0 48c0 256.5 207.9 464 464 464a24 24 0 0 0 23.4-18.6l24-104a24.29 24.29 0 0 0-14.01-27.6z\"><\/path><\/svg><\/span><\/div><\/div><div class=\"uagb-ifb-content\"><div class=\"uagb-ifb-title-wrap\"><h3 class=\"uagb-ifb-title\">Llamanos<\/h3><\/div><div class=\"uagb-ifb-text-wrap\"><p class=\"uagb-ifb-desc\">+34 634 43 10 84<\/p><\/div><\/div><\/div><\/div><\/div>\n\n\n\n<p><\/p>\n\n\n\n<div class=\"wp-block-uagb-info-box uagb-infobox__outer-wrap uagb-block-daa6b59e\"><div class=\"uagb-infobox__content-wrap uagb-infobox uagb-infobox-has-icon uagb-infobox-icon-left uagb-infobox-left uagb-infobox-stacked-tablet uagb-infobox-image-valign-top uagb-infobox-enable-border-radius \"><div class=\"uagb-ifb-left-right-wrap\"><div class=\"uagb-ifb-image-icon-content uagb-ifb-imgicon-wrap\"><div class=\"uagb-ifb-icon-wrap\"><span class=\"uagb-ifb-icon\"><svg xmlns=\"http:\/\/www.w3.org\/2000\/svg\" viewBox=\"0 0 512 512\"><path d=\"M502.3 190.8c3.9-3.1 9.7-.2 9.7 4.7V400c0 26.5-21.5 48-48 48H48c-26.5 0-48-21.5-48-48V195.6c0-5 5.7-7.8 9.7-4.7 22.4 17.4 52.1 39.5 154.1 113.6 21.1 15.4 56.7 47.8 92.2 47.6 35.7.3 72-32.8 92.3-47.6 102-74.1 131.6-96.3 154-113.7zM256 320c23.2.4 56.6-29.2 73.4-41.4 132.7-96.3 142.8-104.7 173.4-128.7 5.8-4.5 9.2-11.5 9.2-18.9v-19c0-26.5-21.5-48-48-48H48C21.5 64 0 85.5 0 112v19c0 7.4 3.4 14.3 9.2 18.9 30.6 23.9 40.7 32.4 173.4 128.7 16.8 12.2 50.2 41.8 73.4 41.4z\"><\/path><\/svg><\/span><\/div><\/div><div class=\"uagb-ifb-content\"><div class=\"uagb-ifb-title-wrap\"><h3 class=\"uagb-ifb-title\">Escribenos<\/h3><\/div><div class=\"uagb-ifb-text-wrap\"><p class=\"uagb-ifb-desc\"> info@escuelaberonia.com <\/p><\/div><\/div><\/div><\/div><\/div>\n\n\n\n<p><\/p>\n<\/div><\/div>\n<\/div>\n<\/div>\n<\/div><\/div>\n<\/div><\/div>\n\n\n\n<div class=\"inherit-container-width wp-block-group alignfull has-ast-global-color-5-background-color has-background is-layout-constrained wp-block-group-is-layout-constrained\"><div class=\"wp-block-group__inner-container\">\n<h2 class=\"has-text-align-center wp-block-heading\">Preguntas frecuentes<\/h2>\n\n\n\n<p><\/p>\n\n\n\n<div class=\"wp-block-columns is-layout-flex wp-container-core-columns-is-layout-28f84493 wp-block-columns-is-layout-flex\">\n<div class=\"wp-block-column is-layout-flow wp-block-column-is-layout-flow\">\n<div class=\"inherit-container-width wp-block-group has-ast-global-color-4-background-color has-background is-layout-constrained wp-block-group-is-layout-constrained\"><div class=\"wp-block-group__inner-container\">\n<h4 class=\"wp-block-heading\">#1. \u00bfLos curso de directora\/or y monitora\/or est\u00e1n homologados?<\/h4>\n\n\n\n<p>Si, los cursos de directora\/or y monitora\/or de tiempo libre, son cursos <strong>HOMOLOGADOS<\/strong> d\u00e1ndote la oportunidad de trabajar en todo el estado espa\u00f1ol. Las titulaciones la expide el <strong>INSTITUTO RIOJANO DE LA JUVENTUD<\/strong>.<\/p>\n\n\n\n<figure class=\"wp-block-gallery has-nested-images columns-default is-cropped wp-block-gallery-2 is-layout-flex wp-block-gallery-is-layout-flex\">\n<figure class=\"wp-block-image size-large is-style-rounded\"><img fetchpriority=\"high\" decoding=\"async\" width=\"389\" height=\"130\" data-id=\"25748\" src=\"https:\/\/escuelaberonia.com\/wp-content\/uploads\/2022\/05\/IRJ-COMPLETO.png\" alt=\"\" class=\"wp-image-25748\" srcset=\"https:\/\/escuelaberonia.com\/wp-content\/uploads\/2022\/05\/IRJ-COMPLETO.png 389w, https:\/\/escuelaberonia.com\/wp-content\/uploads\/2022\/05\/IRJ-COMPLETO-300x100.png 300w\" sizes=\"(max-width: 389px) 100vw, 389px\" \/><\/figure>\n<\/figure>\n<\/div><\/div>\n\n\n\n<p><\/p>\n\n\n\n<div class=\"inherit-container-width wp-block-group has-ast-global-color-4-background-color has-background is-layout-constrained wp-block-group-is-layout-constrained\"><div class=\"wp-block-group__inner-container\">\n<h4 class=\"wp-block-heading\">#2. \u00bfLos cursos de directora\/or y monitora\/or son online?<\/h4>\n\n\n\n<p>No, los cursos de directora\/or y monitora\/or <strong>SON PRESENCIALES<\/strong>. Las cursos constan de de dos fases, la primera, la fase te\u00f3rico-pr\u00e1ctica dura 150 horas <strong>PRESENCIALES<\/strong> y la segunda fase, la fase pr\u00e1ctica dura 150 horas, que se deber\u00e1n realizar en un plazo de 18 meses una vez superado la fase te\u00f3rico-pr\u00e1ctica.<\/p>\n<\/div><\/div>\n\n\n\n<p><\/p>\n\n\n\n<div class=\"inherit-container-width wp-block-group has-ast-global-color-4-background-color has-background is-layout-constrained wp-block-group-is-layout-constrained\"><div class=\"wp-block-group__inner-container\">\n<h4 class=\"wp-block-heading\">#3. \u00bfQu\u00e9 requisitos debo cumplir para MATRICULARME en el curso de directora\/or de tiempo libre? <\/h4>\n\n\n\n<p>Los requisitos para matricularte al curso de directora\/or de tiempo libre son los siguientes:<\/p>\n\n\n\n<ul class=\"wp-block-list\"><li><strong>Estar en posesi\u00f3n del DIPLOMA DE MONITORA\/OR DE TIEMPO LIBRE<\/strong><\/li><li><strong>Experiencia acreditada como Monitor de Tiempo Libre por un per\u00edodo de dos a\u00f1os como m\u00ednimo.<\/strong><\/li><\/ul>\n<\/div><\/div>\n<\/div>\n\n\n\n<div class=\"wp-block-column is-layout-flow wp-block-column-is-layout-flow\">\n<div class=\"inherit-container-width wp-block-group has-ast-global-color-4-background-color has-background is-layout-constrained wp-block-group-is-layout-constrained\"><div class=\"wp-block-group__inner-container\">\n<h4 class=\"wp-block-heading\">#4. \u00bfQu\u00e9 requisitos debo cumplir para MATRICULARME al curso de monitora\/or de tiempo libre?<\/h4>\n\n\n\n<p>Los requisitos para matricularte al curso de directora\/or de tiempo libre son los siguientes:<\/p>\n<\/div><\/div>\n\n\n\n<ul class=\"wp-block-list\"><li><strong>Tener cumplidos los 18 a\u00f1o antes del inicio del curso.<\/strong><\/li><li><strong>Estar en posesi\u00f3n del certificado acreditativo de haber finalizado la Ense\u00f1anza Secundaria Obligatoria-ESO.<\/strong><\/li><\/ul>\n\n\n\n<div class=\"inherit-container-width wp-block-group has-ast-global-color-4-background-color has-background is-layout-constrained wp-block-group-is-layout-constrained\"><div class=\"wp-block-group__inner-container\">\n<h4 class=\"wp-block-heading\">#5. \u00bfC\u00f3mo me puedo matricular en un curso de especializaci\u00f3n?<\/h4>\n\n\n\n<p>Para matricularte en un curso monogr\u00e1fico y\/o de especializaci\u00f3n, debes acudir a la secci\u00f3n de <strong>CURSOS MONOGR\u00c1FICOS Y\/O DE ESPECIALIZACI\u00d3N<\/strong> que lo encontraras en la pagina de inicio, o pincha en el bot\u00f3n que te dejamos a continuaci\u00f3n y sigue las instrucciones:<\/p>\n\n\n\n<div class=\"wp-block-buttons is-layout-flex wp-block-buttons-is-layout-flex\">\n<div class=\"wp-block-button aligncenter\"><a class=\"wp-block-button__link\" href=\"https:\/\/escuelaberonia.com\/?page_id=25689\">Vamos all\u00ed<\/a><\/div>\n<\/div>\n<\/div><\/div>\n\n\n\n<p><\/p>\n\n\n\n<div class=\"inherit-container-width wp-block-group has-ast-global-color-4-background-color has-background is-layout-constrained wp-block-group-is-layout-constrained\"><div class=\"wp-block-group__inner-container\">\n<h4 class=\"wp-block-heading\">#6. \u00bfLos cursos monogr\u00e1ficos y\/o de especializaci\u00f3n est\u00e1n homologados?<\/h4>\n\n\n\n<p>Los cursos monogr\u00e1ficos y\/o de especializaci\u00f3n que ofrecemos son titulaciones propias que son validas para el desempe\u00f1o de las funciones que acreditan cada uno de los cursos. La escuela de animaci\u00f3n y educaci\u00f3n en el tiempo libre BERONIA, es una escuela oficial y reconocida por el INSTITUTO RIOJANO DE LA JUVENTUD. Por lo que estamos, habilitados ha impartir todos aquellos cursos que tengan que ver con el \u00e1mbito del tiempo libre y animaci\u00f3n sociocultural.<\/p>\n<\/div><\/div>\n<\/div>\n<\/div>\n<\/div><\/div>\n","protected":false},"excerpt":{"rendered":"<p>Mandanos un mensaje Preguntas frecuentes #1. \u00bfLos curso de directora\/or y monitora\/or est\u00e1n homologados? Si, los cursos de directora\/or y monitora\/or de tiempo libre, son cursos HOMOLOGADOS d\u00e1ndote la oportunidad de trabajar en todo el estado espa\u00f1ol. Las titulaciones la expide el INSTITUTO RIOJANO DE LA JUVENTUD. #2. \u00bfLos cursos de directora\/or y monitora\/or son [&hellip;]<\/p>\n","protected":false},"author":1,"featured_media":0,"parent":0,"menu_order":0,"comment_status":"closed","ping_status":"closed","template":"","meta":{"om_disable_all_campaigns":false,"_uag_custom_page_level_css":"","_monsterinsights_skip_tracking":false,"_monsterinsights_sitenote_active":false,"_monsterinsights_sitenote_note":"","_monsterinsights_sitenote_category":0,"site-sidebar-layout":"no-sidebar","site-content-layout":"plain-container","ast-site-content-layout":"default","site-content-style":"default","site-sidebar-style":"default","ast-global-header-display":"","ast-banner-title-visibility":"","ast-main-header-display":"","ast-hfb-above-header-display":"","ast-hfb-below-header-display":"","ast-hfb-mobile-header-display":"","site-post-title":"disabled","ast-breadcrumbs-content":"","ast-featured-img":"disabled","footer-sml-layout":"","ast-disable-related-posts":"","theme-transparent-header-meta":"enabled","adv-header-id-meta":"","stick-header-meta":"","header-above-stick-meta":"","header-main-stick-meta":"","header-below-stick-meta":"","astra-migrate-meta-layouts":"default","ast-page-background-enabled":"default","ast-page-background-meta":{"desktop":{"background-color":"","background-image":"","background-repeat":"repeat","background-position":"center center","background-size":"auto","background-attachment":"scroll","background-type":"","background-media":"","overlay-type":"","overlay-color":"","overlay-opacity":"","overlay-gradient":""},"tablet":{"background-color":"","background-image":"","background-repeat":"repeat","background-position":"center center","background-size":"auto","background-attachment":"scroll","background-type":"","background-media":"","overlay-type":"","overlay-color":"","overlay-opacity":"","overlay-gradient":""},"mobile":{"background-color":"","background-image":"","background-repeat":"repeat","background-position":"center center","background-size":"auto","background-attachment":"scroll","background-type":"","background-media":"","overlay-type":"","overlay-color":"","overlay-opacity":"","overlay-gradient":""}},"ast-content-background-meta":{"desktop":{"background-color":"var(--ast-global-color-5)","background-image":"","background-repeat":"repeat","background-position":"center center","background-size":"auto","background-attachment":"scroll","background-type":"","background-media":"","overlay-type":"","overlay-color":"","overlay-opacity":"","overlay-gradient":""},"tablet":{"background-color":"var(--ast-global-color-5)","background-image":"","background-repeat":"repeat","background-position":"center center","background-size":"auto","background-attachment":"scroll","background-type":"","background-media":"","overlay-type":"","overlay-color":"","overlay-opacity":"","overlay-gradient":""},"mobile":{"background-color":"var(--ast-global-color-5)","background-image":"","background-repeat":"repeat","background-position":"center center","background-size":"auto","background-attachment":"scroll","background-type":"","background-media":"","overlay-type":"","overlay-color":"","overlay-opacity":"","overlay-gradient":""}},"footnotes":""},"class_list":["post-25405","page","type-page","status-publish","hentry"],"aioseo_notices":[],"uagb_featured_image_src":{"full":false,"thumbnail":false,"medium":false,"medium_large":false,"large":false,"1536x1536":false,"2048x2048":false,"mailpoet_newsletter_max":false,"woocommerce_thumbnail":false,"woocommerce_single":false,"woocommerce_gallery_thumbnail":false},"uagb_author_info":{"display_name":"mfrvit@hotmail.com","author_link":"https:\/\/escuelaberonia.com\/?author=1"},"uagb_comment_info":0,"uagb_excerpt":"Mandanos un mensaje Preguntas frecuentes #1. \u00bfLos curso de directora\/or y monitora\/or est\u00e1n homologados? Si, los cursos de directora\/or y monitora\/or de tiempo libre, son cursos HOMOLOGADOS d\u00e1ndote la oportunidad de trabajar en todo el estado espa\u00f1ol. Las titulaciones la expide el INSTITUTO RIOJANO DE LA JUVENTUD. #2. \u00bfLos cursos de directora\/or y monitora\/or son&hellip;","jetpack_sharing_enabled":true,"_links":{"self":[{"href":"https:\/\/escuelaberonia.com\/index.php?rest_route=\/wp\/v2\/pages\/25405","targetHints":{"allow":["GET"]}}],"collection":[{"href":"https:\/\/escuelaberonia.com\/index.php?rest_route=\/wp\/v2\/pages"}],"about":[{"href":"https:\/\/escuelaberonia.com\/index.php?rest_route=\/wp\/v2\/types\/page"}],"author":[{"embeddable":true,"href":"https:\/\/escuelaberonia.com\/index.php?rest_route=\/wp\/v2\/users\/1"}],"replies":[{"embeddable":true,"href":"https:\/\/escuelaberonia.com\/index.php?rest_route=%2Fwp%2Fv2%2Fcomments&post=25405"}],"version-history":[{"count":19,"href":"https:\/\/escuelaberonia.com\/index.php?rest_route=\/wp\/v2\/pages\/25405\/revisions"}],"predecessor-version":[{"id":26023,"href":"https:\/\/escuelaberonia.com\/index.php?rest_route=\/wp\/v2\/pages\/25405\/revisions\/26023"}],"wp:attachment":[{"href":"https:\/\/escuelaberonia.com\/index.php?rest_route=%2Fwp%2Fv2%2Fmedia&parent=25405"}],"curies":[{"name":"wp","href":"https:\/\/api.w.org\/{rel}","templated":true}]}}