{"id":25401,"date":"2020-09-16T05:08:36","date_gmt":"2020-09-16T05:08:36","guid":{"rendered":"http:\/\/escuelaberonia.com\/?page_id=25401"},"modified":"2022-05-12T16:52:02","modified_gmt":"2022-05-12T16:52:02","slug":"quienessomos","status":"publish","type":"page","link":"https:\/\/escuelaberonia.com\/?page_id=25401","title":{"rendered":"Quienes somos"},"content":{"rendered":"\n<div class=\"wp-block-group alignfull has-ast-global-color-4-background-color has-background is-layout-flow wp-block-group-is-layout-flow\"><div class=\"wp-block-group__inner-container\">\n<h1 class=\"has-text-align-center wp-block-heading\">Sobre nosotros<\/h1>\n<\/div><\/div>\n\n\n\n<div class=\"wp-block-group is-layout-flow wp-block-group-is-layout-flow\"><div class=\"wp-block-group__inner-container\">\n<div class=\"wp-block-columns is-layout-flex wp-container-core-columns-is-layout-28f84493 wp-block-columns-is-layout-flex\">\n<div class=\"wp-block-column is-layout-flow wp-block-column-is-layout-flow\">\n<figure class=\"wp-block-gallery has-nested-images columns-default is-cropped wp-block-gallery-1 is-layout-flex wp-block-gallery-is-layout-flex\">\n<figure class=\"wp-block-image size-large\"><img fetchpriority=\"high\" decoding=\"async\" width=\"2048\" height=\"2560\" data-id=\"25920\" src=\"https:\/\/escuelaberonia.com\/wp-content\/uploads\/2022\/05\/Fondo_1_diego-ph-SZYreZsJ-fE-unsplash-scaled.jpg\" alt=\"\" class=\"wp-image-25920\" srcset=\"https:\/\/escuelaberonia.com\/wp-content\/uploads\/2022\/05\/Fondo_1_diego-ph-SZYreZsJ-fE-unsplash-scaled.jpg 2048w, https:\/\/escuelaberonia.com\/wp-content\/uploads\/2022\/05\/Fondo_1_diego-ph-SZYreZsJ-fE-unsplash-scaled-600x750.jpg 600w, https:\/\/escuelaberonia.com\/wp-content\/uploads\/2022\/05\/Fondo_1_diego-ph-SZYreZsJ-fE-unsplash-240x300.jpg 240w, https:\/\/escuelaberonia.com\/wp-content\/uploads\/2022\/05\/Fondo_1_diego-ph-SZYreZsJ-fE-unsplash-819x1024.jpg 819w, https:\/\/escuelaberonia.com\/wp-content\/uploads\/2022\/05\/Fondo_1_diego-ph-SZYreZsJ-fE-unsplash-768x960.jpg 768w, https:\/\/escuelaberonia.com\/wp-content\/uploads\/2022\/05\/Fondo_1_diego-ph-SZYreZsJ-fE-unsplash-1229x1536.jpg 1229w, https:\/\/escuelaberonia.com\/wp-content\/uploads\/2022\/05\/Fondo_1_diego-ph-SZYreZsJ-fE-unsplash-1638x2048.jpg 1638w\" sizes=\"(max-width: 2048px) 100vw, 2048px\" \/><\/figure>\n<\/figure>\n<\/div>\n\n\n\n<div class=\"wp-block-column is-layout-flow wp-block-column-is-layout-flow\">\n<p>La escuela de animaci\u00f3n y educaci\u00f3n en el tiempo libre la formamos un grupo de profesionales de la animaci\u00f3n sociocultural, con amplia experiencia en el \u00e1mbito del ocio y tiempo libre.<\/p>\n\n\n\n<p>El profesorado de la escuela lo conforman personas de diferentes \u00e1mbitos de la educaci\u00f3n y de las ciencias: Licenciadas en Sociolog\u00eda, Licenciados en Derecho, Graduados en Magisterio, T\u00e9cnicos de Medio Ambiente, Ingenieros, Graduados en Historia del Arte, y con la colaboraci\u00f3n de otros de otros profesionales del \u00e1mbito del tiempo libre y el ocio.<\/p>\n\n\n\n<p>Todos ellos, con una amplia experiencia, mas de 25 a\u00f1os en el tiempo libre y la educaci\u00f3n no formal y con el t\u00edtulo de director de tiempo libre les avalan en un proyecto educativo personalizado, novedoso y sobre todo basado en la experiencia de que cada uno de ellos atesora en este mundo tan maravilloso como es el tiempo libre.<\/p>\n\n\n\n<p>Este proyecto nace del compromiso y la ilusi\u00f3n por compartir nuestra experiencia y formaci\u00f3n con todas\/os vosotras\/os. Queremos que todos teng\u00e1is este espacio, donde vuestras ideas, opiniones,\u00a0 sugerencias y\/o dudas puedan ser o\u00eddas y atendidas por todas\/os nosotras\/os, ya que nuestro objetivo es ir creciendo juntos No dudes m\u00e1s, esta es tu Escuela de Tiempo Libre. BERONIA SIEMPRE POR Y PARA VOSOTROS.<\/p>\n\n\n\n<p><\/p>\n<\/div>\n<\/div>\n<\/div><\/div>\n\n\n\n<div style=\"height:50px\" aria-hidden=\"true\" class=\"wp-block-spacer\"><\/div>\n","protected":false},"excerpt":{"rendered":"<p>Sobre nosotros La escuela de animaci\u00f3n y educaci\u00f3n en el tiempo libre la formamos un grupo de profesionales de la animaci\u00f3n sociocultural, con amplia experiencia en el \u00e1mbito del ocio y tiempo libre. El profesorado de la escuela lo conforman personas de diferentes \u00e1mbitos de la educaci\u00f3n y de las ciencias: Licenciadas en Sociolog\u00eda, Licenciados [&hellip;]<\/p>\n","protected":false},"author":1,"featured_media":0,"parent":0,"menu_order":0,"comment_status":"closed","ping_status":"closed","template":"","meta":{"om_disable_all_campaigns":false,"_uag_custom_page_level_css":"","_monsterinsights_skip_tracking":false,"_monsterinsights_sitenote_active":false,"_monsterinsights_sitenote_note":"","_monsterinsights_sitenote_category":0,"site-sidebar-layout":"no-sidebar","site-content-layout":"plain-container","ast-site-content-layout":"default","site-content-style":"default","site-sidebar-style":"default","ast-global-header-display":"","ast-banner-title-visibility":"","ast-main-header-display":"","ast-hfb-above-header-display":"","ast-hfb-below-header-display":"","ast-hfb-mobile-header-display":"","site-post-title":"disabled","ast-breadcrumbs-content":"","ast-featured-img":"disabled","footer-sml-layout":"","ast-disable-related-posts":"","theme-transparent-header-meta":"enabled","adv-header-id-meta":"","stick-header-meta":"","header-above-stick-meta":"","header-main-stick-meta":"","header-below-stick-meta":"","astra-migrate-meta-layouts":"default","ast-page-background-enabled":"default","ast-page-background-meta":{"desktop":{"background-color":"","background-image":"","background-repeat":"repeat","background-position":"center center","background-size":"auto","background-attachment":"scroll","background-type":"","background-media":"","overlay-type":"","overlay-color":"","overlay-opacity":"","overlay-gradient":""},"tablet":{"background-color":"","background-image":"","background-repeat":"repeat","background-position":"center center","background-size":"auto","background-attachment":"scroll","background-type":"","background-media":"","overlay-type":"","overlay-color":"","overlay-opacity":"","overlay-gradient":""},"mobile":{"background-color":"","background-image":"","background-repeat":"repeat","background-position":"center center","background-size":"auto","background-attachment":"scroll","background-type":"","background-media":"","overlay-type":"","overlay-color":"","overlay-opacity":"","overlay-gradient":""}},"ast-content-background-meta":{"desktop":{"background-color":"var(--ast-global-color-5)","background-image":"","background-repeat":"repeat","background-position":"center center","background-size":"auto","background-attachment":"scroll","background-type":"","background-media":"","overlay-type":"","overlay-color":"","overlay-opacity":"","overlay-gradient":""},"tablet":{"background-color":"var(--ast-global-color-5)","background-image":"","background-repeat":"repeat","background-position":"center center","background-size":"auto","background-attachment":"scroll","background-type":"","background-media":"","overlay-type":"","overlay-color":"","overlay-opacity":"","overlay-gradient":""},"mobile":{"background-color":"var(--ast-global-color-5)","background-image":"","background-repeat":"repeat","background-position":"center center","background-size":"auto","background-attachment":"scroll","background-type":"","background-media":"","overlay-type":"","overlay-color":"","overlay-opacity":"","overlay-gradient":""}},"footnotes":""},"class_list":["post-25401","page","type-page","status-publish","hentry"],"aioseo_notices":[],"uagb_featured_image_src":{"full":false,"thumbnail":false,"medium":false,"medium_large":false,"large":false,"1536x1536":false,"2048x2048":false,"mailpoet_newsletter_max":false,"woocommerce_thumbnail":false,"woocommerce_single":false,"woocommerce_gallery_thumbnail":false},"uagb_author_info":{"display_name":"mfrvit@hotmail.com","author_link":"https:\/\/escuelaberonia.com\/?author=1"},"uagb_comment_info":0,"uagb_excerpt":"Sobre nosotros La escuela de animaci\u00f3n y educaci\u00f3n en el tiempo libre la formamos un grupo de profesionales de la animaci\u00f3n sociocultural, con amplia experiencia en el \u00e1mbito del ocio y tiempo libre. El profesorado de la escuela lo conforman personas de diferentes \u00e1mbitos de la educaci\u00f3n y de las ciencias: Licenciadas en Sociolog\u00eda, Licenciados&hellip;","jetpack_sharing_enabled":true,"_links":{"self":[{"href":"https:\/\/escuelaberonia.com\/index.php?rest_route=\/wp\/v2\/pages\/25401","targetHints":{"allow":["GET"]}}],"collection":[{"href":"https:\/\/escuelaberonia.com\/index.php?rest_route=\/wp\/v2\/pages"}],"about":[{"href":"https:\/\/escuelaberonia.com\/index.php?rest_route=\/wp\/v2\/types\/page"}],"author":[{"embeddable":true,"href":"https:\/\/escuelaberonia.com\/index.php?rest_route=\/wp\/v2\/users\/1"}],"replies":[{"embeddable":true,"href":"https:\/\/escuelaberonia.com\/index.php?rest_route=%2Fwp%2Fv2%2Fcomments&post=25401"}],"version-history":[{"count":14,"href":"https:\/\/escuelaberonia.com\/index.php?rest_route=\/wp\/v2\/pages\/25401\/revisions"}],"predecessor-version":[{"id":25927,"href":"https:\/\/escuelaberonia.com\/index.php?rest_route=\/wp\/v2\/pages\/25401\/revisions\/25927"}],"wp:attachment":[{"href":"https:\/\/escuelaberonia.com\/index.php?rest_route=%2Fwp%2Fv2%2Fmedia&parent=25401"}],"curies":[{"name":"wp","href":"https:\/\/api.w.org\/{rel}","templated":true}]}}